{"id":502,"date":"2023-07-19T11:58:29","date_gmt":"2023-07-19T11:58:29","guid":{"rendered":"https:\/\/blct.lt\/pakalpojumi\/"},"modified":"2023-10-11T07:09:02","modified_gmt":"2023-10-11T07:09:02","slug":"pakalpojumi","status":"publish","type":"page","link":"https:\/\/blct.lt\/lv\/pakalpojumi\/","title":{"rendered":"Pakalpojumi"},"content":{"rendered":"\t\t<div data-elementor-type=\"wp-page\" data-elementor-id=\"502\" class=\"elementor elementor-502 elementor-29\" data-elementor-post-type=\"page\">\n\t\t\t\t\t\t\t<div class=\"elementor-element elementor-element-c37443f e-flex e-con-boxed e-con\" data-id=\"c37443f\" data-element_type=\"container\" data-settings=\"{&quot;background_background&quot;:&quot;classic&quot;,&quot;content_width&quot;:&quot;boxed&quot;}\" data-e-bg-lazyload=\"\">\n\t\t\t\t\t<div class=\"e-con-inner\">\n\t\t\t\t<div class=\"elementor-element elementor-element-9675280 elementor-widget elementor-widget-heading\" data-id=\"9675280\" data-element_type=\"widget\" data-widget_type=\"heading.default\">\n\t\t\t\t<div class=\"elementor-widget-container\">\n\t\t\t<style>\/*! elementor - v3.14.0 - 26-06-2023 *\/\n.elementor-heading-title{padding:0;margin:0;line-height:1}.elementor-widget-heading .elementor-heading-title[class*=elementor-size-]>a{color:inherit;font-size:inherit;line-height:inherit}.elementor-widget-heading .elementor-heading-title.elementor-size-small{font-size:15px}.elementor-widget-heading .elementor-heading-title.elementor-size-medium{font-size:19px}.elementor-widget-heading .elementor-heading-title.elementor-size-large{font-size:29px}.elementor-widget-heading .elementor-heading-title.elementor-size-xl{font-size:39px}.elementor-widget-heading .elementor-heading-title.elementor-size-xxl{font-size:59px}<\/style><h1 class=\"elementor-heading-title elementor-size-default\">M\u016bsu pakalpojumi<\/h1>\t\t<\/div>\n\t\t\t\t<\/div>\n\t\t\t\t\t<\/div>\n\t\t\t\t<\/div>\n\t\t<div class=\"elementor-element elementor-element-17c9dc2 e-flex e-con-boxed e-con\" data-id=\"17c9dc2\" data-element_type=\"container\" data-settings=\"{&quot;background_background&quot;:&quot;classic&quot;,&quot;content_width&quot;:&quot;boxed&quot;}\" data-e-bg-lazyload=\"\">\n\t\t\t\t\t<div class=\"e-con-inner\">\n\t\t<div class=\"elementor-element elementor-element-3b1a6ed e-con-full e-flex e-con\" data-id=\"3b1a6ed\" data-element_type=\"container\" data-settings=\"{&quot;content_width&quot;:&quot;full&quot;}\">\n\t\t\t\t<div class=\"elementor-element elementor-element-b369413 img-decor elementor-widget elementor-widget-image\" data-id=\"b369413\" data-element_type=\"widget\" data-widget_type=\"image.default\">\n\t\t\t\t<div class=\"elementor-widget-container\">\n\t\t\t<style>\/*! elementor - v3.14.0 - 26-06-2023 *\/\n.elementor-widget-image{text-align:center}.elementor-widget-image a{display:inline-block}.elementor-widget-image a img[src$=\".svg\"]{width:48px}.elementor-widget-image img{vertical-align:middle;display:inline-block}<\/style>\t\t\t\t\t\t\t\t\t\t\t\t\t<a href=\"https:\/\/blct.lt\/lv\/pakalpojumi\/mes-izmantojam-om-rezerves-dalas\/\">\n\t\t\t\t\t\t\t<img loading=\"lazy\" decoding=\"async\" width=\"1707\" height=\"2560\" src=\"https:\/\/blct.lt\/wp-content\/uploads\/2023\/07\/OEM-detaliu-tiekimas-scaled.jpg\" class=\"attachment-full size-full wp-image-369\" alt=\"\" srcset=\"https:\/\/blct.lt\/wp-content\/uploads\/2023\/07\/OEM-detaliu-tiekimas-scaled.jpg 1707w, https:\/\/blct.lt\/wp-content\/uploads\/2023\/07\/OEM-detaliu-tiekimas-200x300.jpg 200w, https:\/\/blct.lt\/wp-content\/uploads\/2023\/07\/OEM-detaliu-tiekimas-683x1024.jpg 683w, https:\/\/blct.lt\/wp-content\/uploads\/2023\/07\/OEM-detaliu-tiekimas-768x1152.jpg 768w, https:\/\/blct.lt\/wp-content\/uploads\/2023\/07\/OEM-detaliu-tiekimas-1024x1536.jpg 1024w, https:\/\/blct.lt\/wp-content\/uploads\/2023\/07\/OEM-detaliu-tiekimas-1365x2048.jpg 1365w\" sizes=\"auto, (max-width: 1707px) 100vw, 1707px\" \/>\t\t\t\t\t\t\t\t<\/a>\n\t\t\t\t\t\t\t\t\t\t\t\t\t\t\t<\/div>\n\t\t\t\t<\/div>\n\t\t\t\t<div class=\"elementor-element elementor-element-8b0e400 elementor-widget elementor-widget-heading\" data-id=\"8b0e400\" data-element_type=\"widget\" data-widget_type=\"heading.default\">\n\t\t\t\t<div class=\"elementor-widget-container\">\n\t\t\t<h2 class=\"elementor-heading-title elementor-size-default\">M\u0113s izmantojam OM rezerves da\u013cas<\/h2>\t\t<\/div>\n\t\t\t\t<\/div>\n\t\t\t\t<\/div>\n\t\t<div class=\"elementor-element elementor-element-9be7114 e-con-full e-flex e-con\" data-id=\"9be7114\" data-element_type=\"container\" data-settings=\"{&quot;content_width&quot;:&quot;full&quot;}\">\n\t\t\t\t<div class=\"elementor-element elementor-element-3320d84 img-decor elementor-widget elementor-widget-image\" data-id=\"3320d84\" data-element_type=\"widget\" data-widget_type=\"image.default\">\n\t\t\t\t<div class=\"elementor-widget-container\">\n\t\t\t\t\t\t\t\t\t\t\t\t\t\t\t\t<a href=\"https:\/\/blct.lt\/lv\/pakalpojumi\/uzglabasana-noliktavas\/\">\n\t\t\t\t\t\t\t<img loading=\"lazy\" decoding=\"async\" width=\"2560\" height=\"1707\" src=\"https:\/\/blct.lt\/wp-content\/uploads\/2023\/08\/Storage-scaled-1.jpg\" class=\"attachment-full size-full wp-image-487\" alt=\"\" srcset=\"https:\/\/blct.lt\/wp-content\/uploads\/2023\/08\/Storage-scaled-1.jpg 2560w, https:\/\/blct.lt\/wp-content\/uploads\/2023\/08\/Storage-scaled-1-300x200.jpg 300w, https:\/\/blct.lt\/wp-content\/uploads\/2023\/08\/Storage-scaled-1-1024x683.jpg 1024w, https:\/\/blct.lt\/wp-content\/uploads\/2023\/08\/Storage-scaled-1-768x512.jpg 768w, https:\/\/blct.lt\/wp-content\/uploads\/2023\/08\/Storage-scaled-1-1536x1024.jpg 1536w, https:\/\/blct.lt\/wp-content\/uploads\/2023\/08\/Storage-scaled-1-2048x1366.jpg 2048w\" sizes=\"auto, (max-width: 2560px) 100vw, 2560px\" \/>\t\t\t\t\t\t\t\t<\/a>\n\t\t\t\t\t\t\t\t\t\t\t\t\t\t\t<\/div>\n\t\t\t\t<\/div>\n\t\t\t\t<div class=\"elementor-element elementor-element-f43850b elementor-widget elementor-widget-heading\" data-id=\"f43850b\" data-element_type=\"widget\" data-widget_type=\"heading.default\">\n\t\t\t\t<div class=\"elementor-widget-container\">\n\t\t\t<h2 class=\"elementor-heading-title elementor-size-default\">Uzglab\u0101\u0161ana noliktav\u0101s<\/h2>\t\t<\/div>\n\t\t\t\t<\/div>\n\t\t\t\t<\/div>\n\t\t<div class=\"elementor-element elementor-element-c8c2fe1 e-con-full e-flex e-con\" data-id=\"c8c2fe1\" data-element_type=\"container\" data-settings=\"{&quot;content_width&quot;:&quot;full&quot;}\">\n\t\t\t\t<div class=\"elementor-element elementor-element-ce9b8de img-decor elementor-widget elementor-widget-image\" data-id=\"ce9b8de\" data-element_type=\"widget\" data-widget_type=\"image.default\">\n\t\t\t\t<div class=\"elementor-widget-container\">\n\t\t\t\t\t\t\t\t\t\t\t\t\t\t\t\t<a href=\"https:\/\/blct.lt\/lv\/pakalpojumi\/servisa-pakalpojumi\/\">\n\t\t\t\t\t\t\t<img loading=\"lazy\" decoding=\"async\" width=\"2560\" height=\"1703\" src=\"https:\/\/blct.lt\/wp-content\/uploads\/2023\/08\/Rental-of-car-lifts-for-the-performance-of-service-services-scaled-1.jpg\" class=\"attachment-full size-full wp-image-491\" alt=\"\" srcset=\"https:\/\/blct.lt\/wp-content\/uploads\/2023\/08\/Rental-of-car-lifts-for-the-performance-of-service-services-scaled-1.jpg 2560w, https:\/\/blct.lt\/wp-content\/uploads\/2023\/08\/Rental-of-car-lifts-for-the-performance-of-service-services-scaled-1-300x200.jpg 300w, https:\/\/blct.lt\/wp-content\/uploads\/2023\/08\/Rental-of-car-lifts-for-the-performance-of-service-services-scaled-1-1024x681.jpg 1024w, https:\/\/blct.lt\/wp-content\/uploads\/2023\/08\/Rental-of-car-lifts-for-the-performance-of-service-services-scaled-1-768x511.jpg 768w, https:\/\/blct.lt\/wp-content\/uploads\/2023\/08\/Rental-of-car-lifts-for-the-performance-of-service-services-scaled-1-1536x1022.jpg 1536w, https:\/\/blct.lt\/wp-content\/uploads\/2023\/08\/Rental-of-car-lifts-for-the-performance-of-service-services-scaled-1-2048x1362.jpg 2048w\" sizes=\"auto, (max-width: 2560px) 100vw, 2560px\" \/>\t\t\t\t\t\t\t\t<\/a>\n\t\t\t\t\t\t\t\t\t\t\t\t\t\t\t<\/div>\n\t\t\t\t<\/div>\n\t\t\t\t<div class=\"elementor-element elementor-element-0998101 elementor-widget elementor-widget-heading\" data-id=\"0998101\" data-element_type=\"widget\" data-widget_type=\"heading.default\">\n\t\t\t\t<div class=\"elementor-widget-container\">\n\t\t\t<h2 class=\"elementor-heading-title elementor-size-default\">Servisa pakalpojumi<\/h2>\t\t<\/div>\n\t\t\t\t<\/div>\n\t\t\t\t<\/div>\n\t\t\t\t\t<\/div>\n\t\t\t\t<\/div>\n\t\t\t\t\t\t\t<\/div>\n\t\t","protected":false},"excerpt":{"rendered":"<p>M\u016bsu pakalpojumi M\u0113s izmantojam OM rezerves da\u013cas Uzglab\u0101\u0161ana noliktav\u0101s Servisa pakalpojumi<\/p>\n","protected":false},"author":1,"featured_media":0,"parent":0,"menu_order":0,"comment_status":"closed","ping_status":"closed","template":"elementor_header_footer","meta":{"footnotes":""},"class_list":["post-502","page","type-page","status-publish","hentry"],"_links":{"self":[{"href":"https:\/\/blct.lt\/lv\/wp-json\/wp\/v2\/pages\/502","targetHints":{"allow":["GET"]}}],"collection":[{"href":"https:\/\/blct.lt\/lv\/wp-json\/wp\/v2\/pages"}],"about":[{"href":"https:\/\/blct.lt\/lv\/wp-json\/wp\/v2\/types\/page"}],"author":[{"embeddable":true,"href":"https:\/\/blct.lt\/lv\/wp-json\/wp\/v2\/users\/1"}],"replies":[{"embeddable":true,"href":"https:\/\/blct.lt\/lv\/wp-json\/wp\/v2\/comments?post=502"}],"version-history":[{"count":18,"href":"https:\/\/blct.lt\/lv\/wp-json\/wp\/v2\/pages\/502\/revisions"}],"predecessor-version":[{"id":916,"href":"https:\/\/blct.lt\/lv\/wp-json\/wp\/v2\/pages\/502\/revisions\/916"}],"wp:attachment":[{"href":"https:\/\/blct.lt\/lv\/wp-json\/wp\/v2\/media?parent=502"}],"curies":[{"name":"wp","href":"https:\/\/api.w.org\/{rel}","templated":true}]}}